{"id":1030,"date":"2021-04-01T09:41:44","date_gmt":"2021-04-01T07:41:44","guid":{"rendered":"https:\/\/way2global.sviluppo.host\/way2global-chi-siamo\/"},"modified":"2025-12-17T10:21:02","modified_gmt":"2025-12-17T09:21:02","slug":"way2global-chi-siamo","status":"publish","type":"page","link":"https:\/\/way2global.com\/en\/way2global-about-us\/","title":{"rendered":"About us"},"content":{"rendered":"<p>30 years of experience, over 600 million words translated, and a Benefit ethos: This is Way2Global.<\/p>\n<p>For more than 30 years, our\u00a0<strong>translation agency<\/strong>\u00a0has been enhancing companies\u2019 content and communication across borders by applying the Benefit Corporation philosophy \u2014\u00a0<strong>sharing value<\/strong>\u00a0with all stakeholders to generate positive social and environmental impact.<\/p>\n<p>We operate from our head office in\u00a0<strong>Milan<\/strong>\u00a0and our network of\u00a0<strong>correspondent offices<\/strong> in Brussels, New York, Los Angeles, and Shenzhen. Thanks to a network of 8.604 professional translators qualified according to our strict accreditation procedures, we can offer our language services in all languages to cover the globe.<\/p>\n<h2>Our services<\/h2>\n<p>Our translation agency covers the full range of\u00a0<strong>language services<\/strong>:<\/p>\n<ul>\n<li>Translation<\/li>\n<li>Localization<\/li>\n<li>Interpreting<\/li>\n<li>Sworn translation<\/li>\n<li>Certified translation<\/li>\n<li>Transcreation<\/li>\n<\/ul>\n<p>Through our network of<strong>\u00a0specialized professionals<\/strong>, we support companies operating in the most demanding and regulated\u00a0<strong>vertical sectors<\/strong>\u00a0such as Finance, Medical, Legal, Technical, Fashion &amp; Luxury, Design and Marketing with our professional translations.<\/p>\n<p><strong>We translate documents<\/strong>\u00a0of all kinds into all the world\u2019s languages, from financial statements to sustainability reports, leaflets, IFUs, KIIDs, reports, technical manuals, product sheets, catalogues and press releases.<\/p>\n<p>We mainly provide translations into English, French and Spanish, but also into Chinese, Arabic and Korean. No language is excluded.<\/p>\n<h2>Our translations<\/h2>\n<p>Whether dealing with financial, medical, technical or legal translations, the hallmarks of our service remain the same: quality, flexibility and timeliness.<\/p>\n<p>The\u00a0<strong>quality<\/strong>\u00a0of our translations is guaranteed by three ISO certifications and the highly specialized profiles of our team\u2019s professionals. Our translation projects follow a rigorous, structured process starting with identification of the most suitable translators to work on each individual project and ending with multiple quality checks on the final translation. The entire process is managed by specialized project managers who are experienced in managing professional translation projects.<\/p>\n<p>The<strong>\u00a0flexibility<\/strong>\u00a0of our translations is linked not only to the speed of business and the economy, but also to Way2Global\u2019s characteristic dynamism. Flexibility is a hallmark of our translation agency, which is why we enthusiastically accept challenging projects where translation is combined with other, perhaps unprecedented requests that require consultancy to co-design an innovative service tailored to the customer.<\/p>\n<p><strong>Timeliness<\/strong>\u00a0is the other characteristic of our translation service. The delivery speed of our professional translations is highly appreciated by our customers. Every day we receive requests for fast, high-quality translations. To achieve this goal, we have streamlined our internal organization by integrating technology and human labour to speed up the process while maintaining the focus on the quality of the final translation.<\/p>\n<p>While quality, flexibility and timeliness are the cornerstones of our professional translations, what sets them apart is the value we generate in terms of\u00a0<strong>social, environmental and governance impact<\/strong>.<\/p>\n<h2>Translations with an ESG impact<\/h2>\n<p>Way2Global is not only a translation agency, but also a\u00a0<strong>B Corp-certified <\/strong><strong>Societ\u00e0 Benefit.<\/strong>\u00a0This means it offers its language services while taking care of its stakeholders.<\/p>\n<p>The decision to be reborn as a sustainable company was taken by our Founder &amp; CEO, Laura Gori, who after 30 years at the helm of an internationally renowned LSP (Language Service Provider), decided to create the first translation agency to embrace the Benefit Corporation model and philosophy.<\/p>\n<p>In addition to profit, we generate value in the three core areas of sustainability: community, environment and governance. We therefore conduct our business through five projects that express our identity:<\/p>\n<ul>\n<li><strong>Green Translations<\/strong>\u00a0\u2013 the world\u2019s first decarbonized translation service that exemplifies our green practices, builds sustainable supply chains and has recently enabled us to become a climate-positive agency, i.e. we reduce and offset more CO<sub>2<\/sub>\u00a0than we produce;<\/li>\n<li><strong>Language Industry 4.0 \u2013<\/strong>\u00a0our commitment to promoting digital transition as a tool for women\u2019s empowerment that benefits female translation professionals;<\/li>\n<li><strong>Way2Academy \u2013<\/strong>\u00a0our Open Education initiative for the professional training and retraining of the linguist community, especially aimed at young people and women;<\/li>\n<li><strong>Made in B Italy \u2013<\/strong>\u00a0our governance commitment to promoting the innovative all-Italian Societ\u00e0 Benefit business model around the world;<\/li>\n<li><strong>Anywhere Office \u2013<\/strong>\u00a0a new work organization paradigm based on integration of the classic physical office with a network of distributed, co-working and home office spaces.<\/li>\n<\/ul>\n<p>Providing our services with professionalism and respect for those around us and sharing the value we generate with all stakeholders are the hallmarks that make us the<strong>\u00a0ideal language partner<\/strong>\u00a0for all who are looking for a translation agency and who value sustainability.<\/p>\n<h2>Our team<\/h2>\n<p>Way2Global is made up of professionals who are passionate about their work and share the same purpose: to promote understanding, dialogue, unity and sustainable development.<\/p>\n<p>Find out who makes up the company\u2019s core team.<\/p>\n","protected":false},"excerpt":{"rendered":"<p>30 years of experience, over 600 million words translated, and a Benefit ethos: This is Way2Global. For more than 30 years, our\u00a0translation agency\u00a0has been enhancing companies\u2019<span class=\"excerpt-hellip\"> [\u2026]<\/span><\/p>\n","protected":false},"author":1,"featured_media":5825,"parent":0,"menu_order":0,"comment_status":"closed","ping_status":"closed","template":"istituzionale.php","meta":{"_acf_changed":false,"footnotes":""},"class_list":["post-1030","page","type-page","status-publish","has-post-thumbnail","hentry"],"acf":[],"yoast_head":"<!-- This site is optimized with the Yoast SEO plugin v27.4 - https:\/\/yoast.com\/product\/yoast-seo-wordpress\/ -->\n<title>About us - Way2Global<\/title>\n<meta name=\"description\" content=\"We are a translation agency based in Milan with 30 years of experience, over 600 million words translated and a Benefit soul. Find out more about us!\" \/>\n<meta name=\"robots\" content=\"index, follow, max-snippet:-1, max-image-preview:large, max-video-preview:-1\" \/>\n<link rel=\"canonical\" href=\"https:\/\/way2global.com\/en\/way2global-about-us\/\" \/>\n<meta property=\"og:locale\" content=\"en_US\" \/>\n<meta property=\"og:type\" content=\"article\" \/>\n<meta property=\"og:title\" content=\"About us - Way2Global\" \/>\n<meta property=\"og:description\" content=\"We are a translation agency based in Milan with 30 years of experience, over 600 million words translated and a Benefit soul. Find out more about us!\" \/>\n<meta property=\"og:url\" content=\"https:\/\/way2global.com\/en\/way2global-about-us\/\" \/>\n<meta property=\"og:site_name\" content=\"Way2Global\" \/>\n<meta property=\"article:modified_time\" content=\"2025-12-17T09:21:02+00:00\" \/>\n<meta property=\"og:image\" content=\"https:\/\/way2global.com\/wp-content\/uploads\/2023\/05\/Senza-titolo-500-\u00d7-200-px-500-\u00d7-300-px-1080-\u00d7-1080-px-500-\u00d7-255-px-18-2.png\" \/>\n\t<meta property=\"og:image:width\" content=\"813\" \/>\n\t<meta property=\"og:image:height\" content=\"414\" \/>\n\t<meta property=\"og:image:type\" content=\"image\/png\" \/>\n<meta name=\"twitter:card\" content=\"summary_large_image\" \/>\n<meta name=\"twitter:label1\" content=\"Est. reading time\" \/>\n\t<meta name=\"twitter:data1\" content=\"5 minutes\" \/>\n<script type=\"application\/ld+json\" class=\"yoast-schema-graph\">{\"@context\":\"https:\\\/\\\/schema.org\",\"@graph\":[{\"@type\":\"WebPage\",\"@id\":\"https:\\\/\\\/way2global.com\\\/en\\\/way2global-about-us\\\/\",\"url\":\"https:\\\/\\\/way2global.com\\\/en\\\/way2global-about-us\\\/\",\"name\":\"About us - Way2Global\",\"isPartOf\":{\"@id\":\"https:\\\/\\\/way2global.com\\\/en\\\/#website\"},\"primaryImageOfPage\":{\"@id\":\"https:\\\/\\\/way2global.com\\\/en\\\/way2global-about-us\\\/#primaryimage\"},\"image\":{\"@id\":\"https:\\\/\\\/way2global.com\\\/en\\\/way2global-about-us\\\/#primaryimage\"},\"thumbnailUrl\":\"https:\\\/\\\/way2global.com\\\/wp-content\\\/uploads\\\/2023\\\/05\\\/Senza-titolo-500-\u00d7-200-px-500-\u00d7-300-px-1080-\u00d7-1080-px-500-\u00d7-255-px-18-2.png\",\"datePublished\":\"2021-04-01T07:41:44+00:00\",\"dateModified\":\"2025-12-17T09:21:02+00:00\",\"description\":\"We are a translation agency based in Milan with 30 years of experience, over 600 million words translated and a Benefit soul. Find out more about us!\",\"breadcrumb\":{\"@id\":\"https:\\\/\\\/way2global.com\\\/en\\\/way2global-about-us\\\/#breadcrumb\"},\"inLanguage\":\"en-US\",\"potentialAction\":[{\"@type\":\"ReadAction\",\"target\":[\"https:\\\/\\\/way2global.com\\\/en\\\/way2global-about-us\\\/\"]}]},{\"@type\":\"ImageObject\",\"inLanguage\":\"en-US\",\"@id\":\"https:\\\/\\\/way2global.com\\\/en\\\/way2global-about-us\\\/#primaryimage\",\"url\":\"https:\\\/\\\/way2global.com\\\/wp-content\\\/uploads\\\/2023\\\/05\\\/Senza-titolo-500-\u00d7-200-px-500-\u00d7-300-px-1080-\u00d7-1080-px-500-\u00d7-255-px-18-2.png\",\"contentUrl\":\"https:\\\/\\\/way2global.com\\\/wp-content\\\/uploads\\\/2023\\\/05\\\/Senza-titolo-500-\u00d7-200-px-500-\u00d7-300-px-1080-\u00d7-1080-px-500-\u00d7-255-px-18-2.png\",\"width\":813,\"height\":414},{\"@type\":\"BreadcrumbList\",\"@id\":\"https:\\\/\\\/way2global.com\\\/en\\\/way2global-about-us\\\/#breadcrumb\",\"itemListElement\":[{\"@type\":\"ListItem\",\"position\":1,\"name\":\"Home\",\"item\":\"https:\\\/\\\/way2global.com\\\/en\\\/\"},{\"@type\":\"ListItem\",\"position\":2,\"name\":\"About us\"}]},{\"@type\":\"WebSite\",\"@id\":\"https:\\\/\\\/way2global.com\\\/en\\\/#website\",\"url\":\"https:\\\/\\\/way2global.com\\\/en\\\/\",\"name\":\"Way2Global\",\"description\":\"\",\"potentialAction\":[{\"@type\":\"SearchAction\",\"target\":{\"@type\":\"EntryPoint\",\"urlTemplate\":\"https:\\\/\\\/way2global.com\\\/en\\\/?s={search_term_string}\"},\"query-input\":{\"@type\":\"PropertyValueSpecification\",\"valueRequired\":true,\"valueName\":\"search_term_string\"}}],\"inLanguage\":\"en-US\"}]}<\/script>\n<!-- \/ Yoast SEO plugin. -->","yoast_head_json":{"title":"About us - Way2Global","description":"We are a translation agency based in Milan with 30 years of experience, over 600 million words translated and a Benefit soul. Find out more about us!","robots":{"index":"index","follow":"follow","max-snippet":"max-snippet:-1","max-image-preview":"max-image-preview:large","max-video-preview":"max-video-preview:-1"},"canonical":"https:\/\/way2global.com\/en\/way2global-about-us\/","og_locale":"en_US","og_type":"article","og_title":"About us - Way2Global","og_description":"We are a translation agency based in Milan with 30 years of experience, over 600 million words translated and a Benefit soul. Find out more about us!","og_url":"https:\/\/way2global.com\/en\/way2global-about-us\/","og_site_name":"Way2Global","article_modified_time":"2025-12-17T09:21:02+00:00","og_image":[{"width":813,"height":414,"url":"https:\/\/way2global.com\/wp-content\/uploads\/2023\/05\/Senza-titolo-500-\u00d7-200-px-500-\u00d7-300-px-1080-\u00d7-1080-px-500-\u00d7-255-px-18-2.png","type":"image\/png"}],"twitter_card":"summary_large_image","twitter_misc":{"Est. reading time":"5 minutes"},"schema":{"@context":"https:\/\/schema.org","@graph":[{"@type":"WebPage","@id":"https:\/\/way2global.com\/en\/way2global-about-us\/","url":"https:\/\/way2global.com\/en\/way2global-about-us\/","name":"About us - Way2Global","isPartOf":{"@id":"https:\/\/way2global.com\/en\/#website"},"primaryImageOfPage":{"@id":"https:\/\/way2global.com\/en\/way2global-about-us\/#primaryimage"},"image":{"@id":"https:\/\/way2global.com\/en\/way2global-about-us\/#primaryimage"},"thumbnailUrl":"https:\/\/way2global.com\/wp-content\/uploads\/2023\/05\/Senza-titolo-500-\u00d7-200-px-500-\u00d7-300-px-1080-\u00d7-1080-px-500-\u00d7-255-px-18-2.png","datePublished":"2021-04-01T07:41:44+00:00","dateModified":"2025-12-17T09:21:02+00:00","description":"We are a translation agency based in Milan with 30 years of experience, over 600 million words translated and a Benefit soul. Find out more about us!","breadcrumb":{"@id":"https:\/\/way2global.com\/en\/way2global-about-us\/#breadcrumb"},"inLanguage":"en-US","potentialAction":[{"@type":"ReadAction","target":["https:\/\/way2global.com\/en\/way2global-about-us\/"]}]},{"@type":"ImageObject","inLanguage":"en-US","@id":"https:\/\/way2global.com\/en\/way2global-about-us\/#primaryimage","url":"https:\/\/way2global.com\/wp-content\/uploads\/2023\/05\/Senza-titolo-500-\u00d7-200-px-500-\u00d7-300-px-1080-\u00d7-1080-px-500-\u00d7-255-px-18-2.png","contentUrl":"https:\/\/way2global.com\/wp-content\/uploads\/2023\/05\/Senza-titolo-500-\u00d7-200-px-500-\u00d7-300-px-1080-\u00d7-1080-px-500-\u00d7-255-px-18-2.png","width":813,"height":414},{"@type":"BreadcrumbList","@id":"https:\/\/way2global.com\/en\/way2global-about-us\/#breadcrumb","itemListElement":[{"@type":"ListItem","position":1,"name":"Home","item":"https:\/\/way2global.com\/en\/"},{"@type":"ListItem","position":2,"name":"About us"}]},{"@type":"WebSite","@id":"https:\/\/way2global.com\/en\/#website","url":"https:\/\/way2global.com\/en\/","name":"Way2Global","description":"","potentialAction":[{"@type":"SearchAction","target":{"@type":"EntryPoint","urlTemplate":"https:\/\/way2global.com\/en\/?s={search_term_string}"},"query-input":{"@type":"PropertyValueSpecification","valueRequired":true,"valueName":"search_term_string"}}],"inLanguage":"en-US"}]}},"_links":{"self":[{"href":"https:\/\/way2global.com\/en\/wp-json\/wp\/v2\/pages\/1030","targetHints":{"allow":["GET"]}}],"collection":[{"href":"https:\/\/way2global.com\/en\/wp-json\/wp\/v2\/pages"}],"about":[{"href":"https:\/\/way2global.com\/en\/wp-json\/wp\/v2\/types\/page"}],"author":[{"embeddable":true,"href":"https:\/\/way2global.com\/en\/wp-json\/wp\/v2\/users\/1"}],"replies":[{"embeddable":true,"href":"https:\/\/way2global.com\/en\/wp-json\/wp\/v2\/comments?post=1030"}],"version-history":[{"count":13,"href":"https:\/\/way2global.com\/en\/wp-json\/wp\/v2\/pages\/1030\/revisions"}],"predecessor-version":[{"id":8864,"href":"https:\/\/way2global.com\/en\/wp-json\/wp\/v2\/pages\/1030\/revisions\/8864"}],"wp:featuredmedia":[{"embeddable":true,"href":"https:\/\/way2global.com\/en\/wp-json\/wp\/v2\/media\/5825"}],"wp:attachment":[{"href":"https:\/\/way2global.com\/en\/wp-json\/wp\/v2\/media?parent=1030"}],"curies":[{"name":"wp","href":"https:\/\/api.w.org\/{rel}","templated":true}]}}